{"id":97,"date":"2025-02-27T10:55:10","date_gmt":"2025-02-27T09:55:10","guid":{"rendered":"http:\/\/www.geomag.sk\/?page_id=97"},"modified":"2026-04-09T07:28:26","modified_gmt":"2026-04-09T05:28:26","slug":"zvlastne-ukazy-2025","status":"publish","type":"page","link":"https:\/\/www.geomag.sk\/?page_id=97","title":{"rendered":"Zvl\u00e1\u0161tne \u00fakazy 2026\/                                   Ordinary magnetograms 2026"},"content":{"rendered":"\r\n<p>&nbsp;<\/p>\r\n<p>Zvl\u00e1\u0161tne \u00fakazy v roku 2026:<\/p>\r\n<p><a href=\"https:\/\/www.geomag.sk\/wp-content\/uploads\/2026\/04\/ordmar26.doc\">ordmar26<\/a><\/p>\r\n<p><a href=\"https:\/\/www.geomag.sk\/wp-content\/uploads\/2026\/03\/ordfeb26.doc\">ordfeb26<\/a><\/p>\r\n<p><a href=\"https:\/\/www.geomag.sk\/wp-content\/uploads\/2026\/02\/ordjan26.doc\">ordjan26<\/a><\/p>\r\n<p>&nbsp;<\/p>\r\n<p>&nbsp;<\/p>\r\n<p>&nbsp;<\/p>\r\n<p>&nbsp;<\/p>\r\n\r\n\r\n\r\n\r\n\r\n\r\n\r\n\r\n\r\n<p>&nbsp;<\/p>\r\n","protected":false},"excerpt":{"rendered":"<p>&nbsp; Zvl\u00e1\u0161tne \u00fakazy v roku 2026: ordmar26 ordfeb26 ordjan26 &nbsp; &nbsp; &nbsp; &nbsp; &nbsp;<\/p>\n","protected":false},"author":1,"featured_media":0,"parent":0,"menu_order":0,"comment_status":"closed","ping_status":"closed","template":"","meta":{"footnotes":""},"class_list":["post-97","page","type-page","status-publish","h-entry","hentry"],"_links":{"self":[{"href":"https:\/\/www.geomag.sk\/index.php?rest_route=\/wp\/v2\/pages\/97","targetHints":{"allow":["GET"]}}],"collection":[{"href":"https:\/\/www.geomag.sk\/index.php?rest_route=\/wp\/v2\/pages"}],"about":[{"href":"https:\/\/www.geomag.sk\/index.php?rest_route=\/wp\/v2\/types\/page"}],"author":[{"embeddable":true,"href":"https:\/\/www.geomag.sk\/index.php?rest_route=\/wp\/v2\/users\/1"}],"replies":[{"embeddable":true,"href":"https:\/\/www.geomag.sk\/index.php?rest_route=%2Fwp%2Fv2%2Fcomments&post=97"}],"version-history":[{"count":31,"href":"https:\/\/www.geomag.sk\/index.php?rest_route=\/wp\/v2\/pages\/97\/revisions"}],"predecessor-version":[{"id":4039,"href":"https:\/\/www.geomag.sk\/index.php?rest_route=\/wp\/v2\/pages\/97\/revisions\/4039"}],"wp:attachment":[{"href":"https:\/\/www.geomag.sk\/index.php?rest_route=%2Fwp%2Fv2%2Fmedia&parent=97"}],"curies":[{"name":"wp","href":"https:\/\/api.w.org\/{rel}","templated":true}]}}