{"id":261,"date":"2025-03-11T11:02:02","date_gmt":"2025-03-11T10:02:02","guid":{"rendered":"https:\/\/www.geomag.sk\/?page_id=261"},"modified":"2025-03-14T12:56:13","modified_gmt":"2025-03-14T11:56:13","slug":"kontakty","status":"publish","type":"page","link":"https:\/\/www.geomag.sk\/?page_id=261","title":{"rendered":"Kontakty \/ Contacts"},"content":{"rendered":"<p style=\"text-align: center;\"><strong>\u00dastav vied o Zemi SAV, v.v.i.<\/strong><\/p>\n<p style=\"text-align: center;\"><strong>Geomagnetick\u00e9 observat\u00f3rium<\/strong><\/p>\n<p class=\"has-text-align-center\">Kom\u00e1r\u0148ansk\u00e1 108<br \/>\n947 01 Hurbanovo<\/p>\n<p class=\"has-text-align-center\"><strong>Tel.:<\/strong>\u00a0035 760 2211<strong><br \/>\n<\/strong><\/p>\n<p>&nbsp;<\/p>\n<p>Ved\u00faci pracoviska: Mgr. Fridrich <strong>Valach<\/strong>, PhD.,\u00a0 <span class=\"gI\"><span data-hovercard-id=\"geoffval@savba.sk\" data-hovercard-owner-id=\"20\">geoffval@savba.sk<\/span><\/span><\/p>\n<p>RNDr. Magdal\u00e9na <strong>V\u00e1czyov\u00e1<\/strong>, PhD., <span class=\"gI\"><span class=\"qu\" tabindex=\"-1\" role=\"gridcell\" translate=\"no\"><span class=\"go\">magdi63len@gmail.com<\/span><\/span><\/span><\/p>\n<p>Mgr. Melinda <strong>Vajkai, <\/strong><span class=\"gI\"><span data-hovercard-id=\"vajkaim@gmail.com\" data-hovercard-owner-id=\"24\">vajkaim@gmail.com<\/span><\/span><\/p>\n<p>O\u013ega <strong>Alm\u00e1siov\u00e1<\/strong><\/p>\n<div class=\"c5 J-J5-Ji\" tabindex=\"0\" role=\"contentinfo\">Franti\u0161ek <strong>Moln\u00e1r<\/strong><\/div>\n<div tabindex=\"0\" role=\"contentinfo\"><\/div>\n<div tabindex=\"0\" role=\"contentinfo\">Alena <strong>Geletov\u00e1<\/strong><\/div>\n","protected":false},"excerpt":{"rendered":"<p>\u00dastav vied o Zemi SAV, v.v.i. Geomagnetick\u00e9 observat\u00f3rium Kom\u00e1r\u0148ansk\u00e1 108 947 01 Hurbanovo Tel.:\u00a0035 760 2211 &nbsp; Ved\u00faci pracoviska: Mgr. Fridrich Valach, PhD.,\u00a0 geoffval@savba.sk RNDr. Magdal\u00e9na V\u00e1czyov\u00e1, PhD., magdi63len@gmail.com Mgr. Melinda Vajkai, vajkaim@gmail.com O\u013ega Alm\u00e1siov\u00e1 Franti\u0161ek Moln\u00e1r Alena Geletov\u00e1<\/p>\n","protected":false},"author":1,"featured_media":0,"parent":0,"menu_order":0,"comment_status":"closed","ping_status":"closed","template":"","meta":{"footnotes":""},"class_list":["post-261","page","type-page","status-publish","h-entry","hentry"],"_links":{"self":[{"href":"https:\/\/www.geomag.sk\/index.php?rest_route=\/wp\/v2\/pages\/261","targetHints":{"allow":["GET"]}}],"collection":[{"href":"https:\/\/www.geomag.sk\/index.php?rest_route=\/wp\/v2\/pages"}],"about":[{"href":"https:\/\/www.geomag.sk\/index.php?rest_route=\/wp\/v2\/types\/page"}],"author":[{"embeddable":true,"href":"https:\/\/www.geomag.sk\/index.php?rest_route=\/wp\/v2\/users\/1"}],"replies":[{"embeddable":true,"href":"https:\/\/www.geomag.sk\/index.php?rest_route=%2Fwp%2Fv2%2Fcomments&post=261"}],"version-history":[{"count":13,"href":"https:\/\/www.geomag.sk\/index.php?rest_route=\/wp\/v2\/pages\/261\/revisions"}],"predecessor-version":[{"id":335,"href":"https:\/\/www.geomag.sk\/index.php?rest_route=\/wp\/v2\/pages\/261\/revisions\/335"}],"wp:attachment":[{"href":"https:\/\/www.geomag.sk\/index.php?rest_route=%2Fwp%2Fv2%2Fmedia&parent=261"}],"curies":[{"name":"wp","href":"https:\/\/api.w.org\/{rel}","templated":true}]}}